{"id":32,"date":"2019-01-06T21:25:10","date_gmt":"2019-01-06T20:25:10","guid":{"rendered":"https:\/\/kjc.com.pl\/?page_id=32"},"modified":"2022-02-13T10:35:53","modified_gmt":"2022-02-13T09:35:53","slug":"strona-glowna-kjc","status":"publish","type":"page","link":"https:\/\/kjc.com.pl\/","title":{"rendered":""},"content":{"rendered":"\n<h1 class=\"has-text-align-center wp-block-heading\" id=\"konrad-jurkiewicz-consulting\"><strong>Konrad Jurkiewicz Consulting<\/strong><\/h1>\n\n\n\n<h4 class=\"has-text-align-center wp-block-heading\" id=\"uslugi-informatyczne\">Us\u0142ugi informatyczne<\/h4>\n\n\n\n<hr class=\"wp-block-separator\"\/>\n\n\n\n<p class=\"has-text-align-left has-very-dark-gray-color has-cyan-bluish-gray-background-color has-text-color has-background\">Prowadz\u0119 jednoosobow\u0105 dzia\u0142alno\u015b\u0107 us\u0142ugow\u0105, specjalizuj\u0119 si\u0119 w integrowaniu rozwi\u0105za\u0144 informatycznych. Wykonuj\u0119 analiz\u0119, projektuj\u0119 procesy biznesowe, wspomagam wdra\u017canie SAP ERP (ABAP, BASIS, MM, WM, PP) oraz Comarch ERP XL. Zajmuj\u0119 si\u0119 problemami wsp\u00f3\u0142pracy oprogramowania ze sprz\u0119tem komputerowym, infrastruktur\u0105 teleinformatyczn\u0105 oraz automatyk\u0105. Programuj\u0119 w wybranym przez klienta j\u0119zyku skryptowym (preferowany PowerShell). Wykonuj\u0119 t\u0142umaczenia techniczne pomi\u0119dzy j\u0119zykiem polskim i angielskim.<\/p>\n\n\n\n<hr class=\"wp-block-separator\"\/>\n\n\n\n<h4 class=\"has-text-align-center wp-block-heading\" id=\"rodzaje-uslug\">Rodzaje us\u0142ug<\/h4>\n\n\n\n<p class=\"has-text-align-center\"><strong>Us\u0142uga standardowa<\/strong><\/p>\n\n\n\n<p>Us\u0142uga ta okre\u015bla zlecenia wymagaj\u0105ce wiedzy na poziomie technika informatyka. Przyk\u0142adowo s\u0105 to: konfiguracja stacji roboczych, podstawy konfiguracji sieci, konfiguracja pakiet\u00f3w aplikacji biurowych, analiza funkcjonalna rozwi\u0105za\u0144 klasy SOHO, dob\u00f3r urz\u0105dze\u0144 klasy SOHO.\u00a0<\/p>\n\n\n\n<p class=\"has-text-align-center\"><strong>Us\u0142uga zaawansowana<\/strong><\/p>\n\n\n\n<p>Us\u0142uga ta okre\u015bla zlecenia wymagaj\u0105ce wiedzy na poziomie in\u017cynierskim. Przyk\u0142adowo s\u0105 to: projektowanie systemu informatycznego klasy SOHO, konfiguracja \u015brodowiska serwerowego, pe\u0142na konfiguracja sieci, strojenie bazy danych, analiza wydajno\u015bciowa, programowanie skryptowe, wi\u0119kszo\u015b\u0107 prac w SAP ERP, dob\u00f3r urz\u0105dze\u0144 klasy Enterprise.\u00a0<\/p>\n\n\n\n<p class=\"has-text-align-center\"><strong>Us\u0142uga specjalistyczna<\/strong><\/p>\n\n\n\n<p>Us\u0142uga ta okre\u015bla zlecenia wymagaj\u0105ce wiedzy na poziomie magisterskim lub specjalistycznej wiedzy technicznej, kt\u00f3r\u0105 musz\u0119 naby\u0107 w celu wykonania zadania. Przyk\u0142adowo s\u0105 to: pe\u0142na analiza biznesowa wdra\u017canego rozwi\u0105zania, implementacja niestandardowego rozwi\u0105zania bran\u017cowego, jak r\u00f3wnie\u017c praca zwi\u0105zana z wysok\u0105 odpowiedzialno\u015bci\u0105 finansow\u0105 za rezultat.<\/p>\n\n\n\n<p>&nbsp;<\/p>\n\n\n\n<p>Prowadz\u0119 obecnie dzia\u0142alno\u015b\u0107 jako podatnik VAT zwolniony. Dzie\u0144 roboczy oznacza 10 godzin pracy, dni s\u0105 rozliczane cz\u0119\u015bciowo (klient nie p\u0142aci pe\u0142nej stawki za ka\u017cdy rozpocz\u0119ty dzie\u0144). Prace opisywane s\u0105 w spos\u00f3b skr\u00f3cony na pozycjach faktury. Bardziej z\u0142o\u017cone prace s\u0105 dokumentowane. Stworzona dokumentacja jest niezw\u0142ocznie dostarczana klientowi.<\/p>\n\n\n\n<hr class=\"wp-block-separator\"\/>\n\n\n\n<p class=\"has-cyan-bluish-gray-background-color has-background\">Nie przyjmuj\u0119 zlece\u0144 od os\u00f3b fizycznych nieprowadz\u0105cych dzia\u0142alno\u015bci gospodarczej. Wsp\u00f3\u0142pracuj\u0119 d\u0142ugoterminowo z firmami, dla kt\u00f3rych wsp\u00f3\u0142praca oznacza dobrowoln\u0105 umow\u0119&nbsp;stron, zawart\u0105 w celu osi\u0105gni\u0119cia obustronnych korzy\u015bci. Wsp\u00f3\u0142praca d\u0142ugoterminowa umo\u017cliwia rabat&nbsp;cenowy, lepszy czas reakcji w wypadku awarii oraz nadz\u00f3r nad dzia\u0142aniem systemu informatycznego.&nbsp;Domy\u015bln\u0105 form\u0105 kontaktu ze mn\u0105 jest kontakt poprzez poczt\u0119 elektroniczn\u0105.&nbsp;Po weryfikacji klienta, mo\u017cliwy jest r\u00f3wnie\u017c kontakt telefoniczny lub poprzez komunikator Skype.<\/p>\n\n\n\n<hr class=\"wp-block-separator\"\/>\n\n\n<style><\/style><address class=\"bp-contact-card\">\r\n                    \t\t<div class=\"bp-name\">\r\n\t\t\tKonrad Jurkiewicz Consulting\t\t<\/div>\r\n\t\t\r\n\t\t\r\n\t\t\t\t\t\t\t\t\r\n\t\t\r\n\t\t\r\n\t\t\t\t<div class=\"bp-address\">\r\n\t\t\tul. Bogumi\u0142a 28<br \/>\r\n62-600 Ko\u0142o<br \/>\r\nNIP: 6661738668\t\t<\/div>\r\n\t\t\r\n\t\t\r\n\t\t\t\t<div class=\"bp-contact bp-contact-email\">\r\n\t\t\t\t\t<a href=\"mailto:&#107;onr&#097;d&#046;&#106;u&#114;&#107;ie&#119;&#105;cz&#064;&#107;&#106;&#099;.co&#109;.p&#108;\">&#107;onr&#097;d&#046;&#106;u&#114;&#107;ie&#119;&#105;cz&#064;&#107;&#106;&#099;.co&#109;.p&#108;<\/a>\r\n\t\t\t\t<\/div>\r\n\r\n\t\t\t\r\n\t\t\t\r\n\t\t\r\n\t\t<div class=\"bp-opening-hours-brief\">\r\n\r\n\t\t\tMo,Tu,We,Th,Fr 08:00&thinsp;&ndash;&thinsp;20:00\r\n\t\t<\/div>\r\n\r\n\t\t    <script type=\"application\/ld+json\">\r\n        {\"@type\": \"LocalBusiness\",\"image\": \"https:\/\/kjc.com.pl\/wp-content\/uploads\/2019\/01\/Logo.jpg\",\"name\": \"Konrad Jurkiewicz Consulting\",\"description\": \"Strona firmowa i blog\",\"url\": \"https:\/\/kjc.com.pl\",\"address\" : {\"@type\": \"PostalAddress\",\"name\": \"ul. Bogumi\u0142a 28\r\n62-600 Ko\u0142o\r\nNIP: 6661738668\"},\"hasMenu\": \"\",\"email\": \"&#107;onr&#97;d&#46;&#106;u&#114;&#107;ie&#119;&#105;cz&#64;&#107;&#106;&#99;.co&#109;.p&#108;\",\"openingHours\": [\"Mo,Tu,We,Th,Fr 8:00-20:00\"],\"@context\": \"https:\/\/schema.org\/\"}    <\/script>\r\n<\/address>","protected":false},"excerpt":{"rendered":"<p>Konrad Jurkiewicz Consulting Us\u0142ugi informatyczne Prowadz\u0119 jednoosobow\u0105 dzia\u0142alno\u015b\u0107 us\u0142ugow\u0105, specjalizuj\u0119 si\u0119 w integrowaniu rozwi\u0105za\u0144 informatycznych. Wykonuj\u0119 analiz\u0119, projektuj\u0119 procesy biznesowe, wspomagam wdra\u017canie SAP ERP (ABAP, BASIS, MM, WM, PP) oraz Comarch ERP XL. Zajmuj\u0119 si\u0119 problemami wsp\u00f3\u0142pracy oprogramowania ze sprz\u0119tem komputerowym, infrastruktur\u0105 teleinformatyczn\u0105 oraz automatyk\u0105. Programuj\u0119 w wybranym przez klienta j\u0119zyku skryptowym (preferowany PowerShell). Wykonuj\u0119 &hellip;<\/p>\n","protected":false},"author":1,"featured_media":0,"parent":0,"menu_order":0,"comment_status":"closed","ping_status":"closed","template":"templates\/no-sidebar.php","meta":{"_lmt_disableupdate":"no","_lmt_disable":"","footnotes":""},"class_list":["post-32","page","type-page","status-publish","hentry","entry entry-center"],"_links":{"self":[{"href":"https:\/\/kjc.com.pl\/index.php?rest_route=\/wp\/v2\/pages\/32","targetHints":{"allow":["GET"]}}],"collection":[{"href":"https:\/\/kjc.com.pl\/index.php?rest_route=\/wp\/v2\/pages"}],"about":[{"href":"https:\/\/kjc.com.pl\/index.php?rest_route=\/wp\/v2\/types\/page"}],"author":[{"embeddable":true,"href":"https:\/\/kjc.com.pl\/index.php?rest_route=\/wp\/v2\/users\/1"}],"replies":[{"embeddable":true,"href":"https:\/\/kjc.com.pl\/index.php?rest_route=%2Fwp%2Fv2%2Fcomments&post=32"}],"version-history":[{"count":3,"href":"https:\/\/kjc.com.pl\/index.php?rest_route=\/wp\/v2\/pages\/32\/revisions"}],"predecessor-version":[{"id":450,"href":"https:\/\/kjc.com.pl\/index.php?rest_route=\/wp\/v2\/pages\/32\/revisions\/450"}],"wp:attachment":[{"href":"https:\/\/kjc.com.pl\/index.php?rest_route=%2Fwp%2Fv2%2Fmedia&parent=32"}],"curies":[{"name":"wp","href":"https:\/\/api.w.org\/{rel}","templated":true}]}}